{"id":2875,"date":"2023-05-26T15:06:22","date_gmt":"2023-05-26T13:06:22","guid":{"rendered":"https:\/\/www.sirgomma.it\/?page_id=2875"},"modified":"2023-05-26T16:10:40","modified_gmt":"2023-05-26T14:10:40","slug":"privacy-policy","status":"publish","type":"page","link":"https:\/\/www.sirgomma.it\/en\/privacy-policy\/","title":{"rendered":"Privacy Policy"},"content":{"rendered":"<p><section id=\"bt_bb_section69dbc5bdd7904\"  class=\"bt_bb_section bt_bb_layout_boxed_1200\"  data-bt-override-class=\"null\"><div class=\"bt_bb_port\"><div class=\"bt_bb_cell\"><div class=\"bt_bb_cell_inner\"><div class=\"bt_bb_row \"  data-bt-override-class=\"{}\"><div class=\"bt_bb_row_holder\" ><div  class=\"bt_bb_column col-xxl-12 col-xl-12 col-xs-12 col-sm-12 col-md-12 col-lg-12 bt_bb_vertical_align_top bt_bb_align_left bt_bb_padding_normal\" style=\"; --column-width:12;\" data-width=\"12\" data-bt-override-class=\"{}\"><div class=\"bt_bb_column_content\"><div class=\"bt_bb_column_content_inner\"><div data-bb-version=\"4.5.6\" class=\"bt_bb_separator bt_bb_border_style_none bt_bb_top_spacing_ bt_bb_bottom_spacing_40\" data-bt-override-class=\"{&quot;bt_bb_top_spacing_&quot;:{&quot;current_class&quot;:&quot;bt_bb_top_spacing_&quot;,&quot;xxl&quot;:&quot;&quot;},&quot;bt_bb_bottom_spacing_&quot;:{&quot;current_class&quot;:&quot;bt_bb_bottom_spacing_40&quot;,&quot;xxl&quot;:&quot;40&quot;}}\"><\/div><\/div><\/div><\/div><\/div><\/div><\/div><\/div><\/div><\/section><section id=\"bt_bb_section69dbc5bdd7c8e\"  class=\"bt_bb_section bt_bb_layout_boxed_1200\"  data-bt-override-class=\"null\"><div class=\"bt_bb_port\"><div class=\"bt_bb_cell\"><div class=\"bt_bb_cell_inner\"><div class=\"bt_bb_row \"  data-bt-override-class=\"{}\"><div class=\"bt_bb_row_holder\" ><div  class=\"bt_bb_column col-xxl-12 col-xl-12 col-xs-12 col-sm-12 col-md-12 col-lg-12 bt_bb_vertical_align_top bt_bb_align_left bt_bb_padding_normal\" style=\"; --column-width:12;\" data-width=\"12\" data-bt-override-class=\"{}\"><div class=\"bt_bb_column_content\"><div class=\"bt_bb_column_content_inner\"><div  class=\"bt_bb_text\" ><\/p>\n<h4 style=\"text-align: center;\"><strong>PRIVACY POLICY E INFORMATIVA<br \/>ART. 13 GENERAL DATA PROTECTION REGULATION (EU)<\/strong><br \/><strong>2016\/679 (GDPR) (European regulation on personal data protection)<\/strong><\/h4>\n<p>La presente Privacy Policy \u00e8 volta ad illustrare le modalit\u00e0 e le finalit\u00e0 dei trattamenti di dati personali effettuati da parte della societ\u00e0 SIR srl in qualit\u00e0 di titolare del trattamento del sito www.sirgomma.it ed i servizi ad esso collegati.<br \/>SIR srl rispetta la privacy di ogni utente che visita il Sito e utilizza i Servizi.<br \/>La Policy non si applica ai siti terzi accessibili tramite link presenti sul Sito del titolare.<br \/>Il trattamento dei dati personali degli Utenti avviene in piena conformit\u00e0 del Regolamento Generale sulla protezione dei dati (UE) 2016\/679.<\/p>\n<h5><strong>1. Identit\u00e0 e dati di contatto del Titolare del trattamento<\/strong><\/h5>\n<p>Il Titolare del trattamento dei dati \u00e8:<\/p>\n<p>SIR srl | Capitale Sociale i.v. 25.000,00 \u20ac<br \/>Sede Legale: Corso Novara 233, 27029 Vigevano (PV), Italy<br \/>Sede Operativa: Viale Industria 146, 27025 Gambol\u00f2 (PV), Italy<br \/>N.REA PV-163619 | P.IVA 01062720188 | PEC: sir_srl@legalmail.it<\/p>\n<h5><strong>2. Categorie di dati personali trattate<\/strong><\/h5>\n<p>Il Titolare potr\u00e0 trattare le seguenti categorie di dati personali degli Utenti:<\/p>\n<ul>\n<li>dati volontariamente comunicati dall\u2019utente: dati identificativi e di contatto (principalmente nome, cognome, azienda, contatti telefonici ed e-mail, indirizzo) inseriti volontariamente dall\u2019utente in caso di compilazione del form di richiesta dati; l&#8217;invio facoltativo, esplicito e volontario di messaggi agli indirizzi di contatto del Titolare, nonch\u00e9 la compilazione e l&#8217;inoltro di eventuali moduli presenti sul sito, comportano l&#8217;acquisizione dei dati di contatto del mittente, necessari a rispondere, nonch\u00e9 di tutti i dati personali inclusi nelle comunicazioni; se necessarie, sono pubblicate specifiche informative nelle pagine web predisposte per l&#8217;erogazione di servizi differenti e differenti finalit\u00e0.<\/li>\n<li>dati di navigazione: i sistemi informatici e le procedure software preposte al funzionamento di questo sito acquisiscono, nel corso del loro normale esercizio, alcuni dati personali la cui trasmissione \u00e8 implicita nell&#8217;uso dei protocolli di comunicazione di Internet.<br \/>In questa categoria di dati rientrano gli indirizzi IP o i nomi a dominio dei computer e dei terminali utilizzati dagli utenti, gli indirizzi in notazione URI\/URL (Uniform Resource Identifier\/Locator) delle risorse richieste, l&#8217;orario della richiesta, il metodo utilizzato nel sottoporre la richiesta al server, la dimensione del file ottenuto in risposta, il codice numerico indicante lo stato della risposta data dal server (buon fine, errore, ecc.) ed altri parametri relativi al sistema operativo e all&#8217;ambiente informatico dell&#8217;utente.<br \/>Tali dati, necessari per la fruizione dei servizi web, vengono anche trattati allo scopo di:\n<ul>\n<li>ottenere informazioni statistiche sull&#8217;uso dei servizi (pagine pi\u00f9 visitate, numero di visitatori per fascia oraria o giornaliera, aree geografiche di provenienza, ecc.).<\/li>\n<li>controllare il corretto funzionamento dei servizi offerti.<\/li>\n<li>nel caso di ipotetici reati informatici prodotti ai danni del sito, in accordo con l&#8217;autorit\u00e0 giudiziaria tali dati potrebbero essere utilizzati per l\u2019accertamento di responsabilit\u00e0.<\/li>\n<\/ul>\n<\/li>\n<li>Cookie e altri sistemi di tracciamento: per quanto riguarda la finalit\u00e0 e gestione dei consensi relativi, si rimanda alla specifica sezione \u201cCookie Policy\u201d.<\/li>\n<li>Dati di condivisione dei contenuti tramite Social Network: il sito web include plug in\/pulsanti al fine di consentire la condivisione dei contenuti sui Social (Facebook, Skype, WhatsApp).<\/li>\n<\/ul>\n<h5><strong>3. Finalit\u00e0 e basi giuridiche del trattamento dei dati personali<\/strong><\/h5>\n<p>Il Titolare tratta i dati degli utenti per consentire la navigazione del proprio sito e per poter rispondere ad eventuali richieste inviate volontariamente dell\u2019utente.<br \/>Qualsiasi ulteriore trattamento avviene solo sulla base di obblighi previsti dalla legge e sulla base del legittimo interesse. Per ogni altra finalit\u00e0 di trattamento viene richiesto esplicito consenso fornito dall&#8217;Utente al Titolare.<br \/>In particolare, SIR srl raccoglie e tratta i dati personali degli Utenti per le seguenti finalit\u00e0:<\/p>\n<ol type=\"a\">\n<li>finalit\u00e0 strettamente connesse e strumentali alla gestione amministrativo-contabile;<\/li>\n<li>finalit\u00e0 connesse agli obblighi previsti di natura legale e fiscale previsti da leggi, da regolamenti, da normative comunitarie, nonch\u00e9 da disposizioni impartite da Autorit\u00e0 e da Organi di vigilanza e controllo;<\/li>\n<li>consentire all\u2019utente di navigare sul sito;<\/li>\n<li>rispondere alle richieste degli Utenti inviate tramite il Sito;<\/li>\n<li>consentire agli utenti l\u2019utilizzo dei servizi presenti sul sito;<\/li>\n<li>migliorare la presentazione, le caratteristiche e le funzionalit\u00e0 del Sito.<\/li>\n<\/ol>\n<p>Per le finalit\u00e0 di cui alle lettere da (a) a (f) le basi giuridiche individuate sono gli art. 6. par.1 lett. b) GDPR per i trattamenti necessari all\u2019esecuzione di misure precontrattuali\/contrattuali\/esecuzione di specifiche richieste da parte dell\u2019utente \u2013 art. 6. par.1 lett. c) GDPR per i trattamenti necessari per adempiere ad obblighi legali &#8211; art 6. par.1 lett. f) GDPR per il perseguimento del legittimo interesse.<\/p>\n<h5><strong>4. Tempi di conservazione dei dati<\/strong><\/h5>\n<p>I dati personali trattati da SIR srl\u00a0 sulla base del consenso dell&#8217;Utente saranno conservati per il tempo strettamente necessario al raggiungimento delle finalit\u00e0 per cui sono stati<br \/>originariamente raccolti e, in ogni caso, non verranno pi\u00f9 trattati a seguito di eventuale revoca del consenso prestato.<br \/>Laddove il trattamento dei dati personali dovesse invece avvenire in adempimento ad obblighi legali, fiscali o giudiziari, i dati potranno essere conservati fino ad un massimo di dieci (10) anni.<br \/>I dati di navigazione non persistono per pi\u00f9 di sette giorni (salve eventuali necessit\u00e0 di accertamento di reati da parte dell&#8217;Autorit\u00e0 giudiziaria).<\/p>\n<h5><strong>5. Conferimento dei dati<\/strong><\/h5>\n<p>A parte quanto specificato per i dati di navigazione, l\u2019utente \u00e8 libero di fornire i dati propri personali.<br \/>Tuttavia il loro mancato conferimento pu\u00f2 comportare l\u2019impossibilit\u00e0 di ottenere quanto richiesto.<\/p>\n<h5><strong>6. Modalit\u00e0 del trattamento<\/strong><\/h5>\n<p>Tutti i dati personali saranno trattati attraverso l\u2019ausilio di strumenti cartacei ed informatizzati.<br \/>Il Titolare del Trattamento ha adottato tutte le necessarie misure tecniche e organizzative adeguate per garantire un livello di sicurezza elevato al fine di ridurre al minimo i rischi inerenti alla riservatezza, alla disponibilit\u00e0 e all\u2019integrit\u00e0 dei dati personali raccolti e trattati, sulla base degli artt.24, 25 e 32 del GDPR.<\/p>\n<h5><strong>7. Destinatari dei dati personali &#8211; Comunicazione e diffusione dei dati personali<\/strong><\/h5>\n<p>I dati personali trattati saranno oggetto di comunicazione a soggetti ben definiti. Sulla base dei ruoli e delle mansioni lavorative espletate, il personale interno ed esterno \u00e8 legittimato al trattamento nei limiti delle loro competenze ed in conformit\u00e0 alle istruzioni ad essi impartite dal Titolare.<br \/>Gli stessi dati potranno essere comunicati ai soggetti legittimati quali societ\u00e0 di manutenzione apparecchiature informatiche, studi professionali\/societ\u00e0 eroganti servizi contabili, fiscali, tributari,<br \/>lavoratori autonomi\/occasionali, agenti e soggetti cui disposizioni di legge o normative comunitarie riconoscono la facolt\u00e0 di accedere ai dati.<\/p>\n<p>Il servizio di web hosting \u00e8 localizzato in UE.<\/p>\n<h5><strong>8. Trasferimento all\u2019estero dei dati personali<\/strong><\/h5>\n<p>La gestione e la conservazione dei dati personali inerenti alla gestione del sito web avviene su server ubicati all\u2019interno dell\u2019Unione Europea; qualora per questioni di natura tecnica e\/o operativa si<br \/>renda necessario avvalersi di soggetti ubicati al di fuori dell\u2019Unione Europea, oppure si renda necessario trasferire alcuni dei dati raccolti verso sistemi tecnici e servizi gestiti in cloud e localizzati<br \/>al di fuori dell\u2019area dell\u2019Unione Europea, il trattamento sar\u00e0 regolato in conformit\u00e0 a quanto previsto dal capo V del Regolamento (UE) n. 2016\/679 e autorizzato in base a specifiche decisioni dell\u2019Unione Europea. Saranno quindi adottate tutte le misure necessarie al fine di garantire la pi\u00f9 totale protezione dei dati personali basando tale trasferimento:<\/p>\n<ol type=\"a\">\n<li>su decisioni di adeguatezza dei paesi terzi destinatari espressi dalla Commissione Europea;<\/li>\n<li>su garanzie adeguate espresse dal soggetto terzo destinatario ai sensi dell\u2019art. 46 del Regolamento;<\/li>\n<li>sull\u2019adozione di norme vincolanti d\u2019impresa, cd. Corporate binding rules.<\/li>\n<\/ol>\n<h5><strong>9. Trattamento di dati personali di minori<\/strong><\/h5>\n<p>L&#8217;utilizzo del Sito e dei Servizi \u00e8 riservato soltanto ad Utenti maggiorenni. SIR srl non tratta dati personali di minori.<\/p>\n<h5><strong>10. Diritti dell\u2019Interessato<\/strong><\/h5>\n<p>Il Titolare del trattamento \u00e8 liberamente contattabile per qualsiasi richiesta inerente alla presente Policy scrivendo a sir_rivestimenti@libero.it<br \/>L&#8217;utente potr\u00e0, in qualsiasi momento, esercitare i diritti di cui agli artt. 15\/16\/17\/18\/20\/21\/22 del Regolamento (UE) n. 2016\/679.<br \/>I predetti diritti potranno essere esercitati inviando apposita richiesta al Titolare del trattamento mediante i canali di contatto indicati nella presente informativa.<br \/>Con riferimento all\u2019art. 7 del GDPR, l\u2019interessato pu\u00f2 revocare in qualsiasi momento il consenso prestato comunicandolo al Titolare del Trattamento.<\/p>\n<h5><strong>11. Cookie Policy<\/strong><\/h5>\n<p>Si rimanda all\u2019apposita sezione presente sul sito.<\/p>\n<h5><strong>12. Link a siti di terze parti<\/strong><\/h5>\n<p>SIR srl non potr\u00e0 in alcun caso essere ritenuta responsabile dei trattamenti effettuati attraverso o in relazione a tali siti di terzi.<br \/>Si invitano quindi gli utenti a prestare la massima attenzione in tal senso, prendendo visione delle condizioni d&#8217;uso e della privacy e cookie policy pubblicate sui vari siti\/portali\/social network visitati.<\/p>\n<h5><strong>13. Modifiche e aggiornamenti<\/strong><\/h5>\n<p>La presente Policy \u00e8 aggiornata e applicabile dal 26\/05\/2023.<br \/>Qualsiasi ulteriore modifica sar\u00e0 comunicata agli Utenti con mezzi e i tempi ritenuti pi\u00f9 opportuni dal Titolare, in particolare attraverso la pubblicazione sul Sito.<\/p>\n<\/p>\n<p>\n<\/div><div class=\"bt_bb_separator bt_bb_border_style_none bt_bb_top_spacing_normal bt_bb_bottom_spacing_\" data-bt-override-class=\"{&quot;bt_bb_top_spacing_&quot;:{&quot;current_class&quot;:&quot;bt_bb_top_spacing_normal&quot;,&quot;xxl&quot;:&quot;normal&quot;,&quot;xl&quot;:&quot;normal&quot;},&quot;bt_bb_bottom_spacing_&quot;:{&quot;current_class&quot;:&quot;bt_bb_bottom_spacing_&quot;,&quot;xxl&quot;:&quot;&quot;,&quot;xl&quot;:&quot;&quot;}}\"><\/div><\/div><\/div><\/div><\/div><\/div><\/div><\/div><\/div><\/section><\/p>","protected":false},"excerpt":{"rendered":"","protected":false},"author":3,"featured_media":2879,"parent":0,"menu_order":0,"comment_status":"closed","ping_status":"closed","template":"","meta":[],"yoast_head":"<!-- This site is optimized with the Yoast SEO plugin v21.1 - https:\/\/yoast.com\/wordpress\/plugins\/seo\/ -->\n<title>Privacy Policy | SIR SRL | Industria Rivestimenti<\/title>\n<meta name=\"robots\" content=\"index, follow, max-snippet:-1, max-image-preview:large, max-video-preview:-1\" \/>\n<link rel=\"canonical\" href=\"https:\/\/www.sirgomma.it\/en\/privacy-policy\/\" \/>\n<meta property=\"og:locale\" content=\"en_US\" \/>\n<meta property=\"og:type\" content=\"article\" \/>\n<meta property=\"og:title\" content=\"Privacy Policy | SIR SRL | Industria Rivestimenti\" \/>\n<meta property=\"og:url\" content=\"https:\/\/www.sirgomma.it\/en\/privacy-policy\/\" \/>\n<meta property=\"og:site_name\" content=\"SIR SRL | Industria Rivestimenti\" \/>\n<meta property=\"article:modified_time\" content=\"2023-05-26T14:10:40+00:00\" \/>\n<meta property=\"og:image\" content=\"https:\/\/www.sirgomma.it\/wp-content\/uploads\/2023\/05\/sir_privacy_policy.jpg\" \/>\n\t<meta property=\"og:image:width\" content=\"1198\" \/>\n\t<meta property=\"og:image:height\" content=\"599\" \/>\n\t<meta property=\"og:image:type\" content=\"image\/jpeg\" \/>\n<meta name=\"twitter:card\" content=\"summary_large_image\" \/>\n<meta name=\"twitter:label1\" content=\"Est. reading time\" \/>\n\t<meta name=\"twitter:data1\" content=\"8 minutes\" \/>\n<script type=\"application\/ld+json\" class=\"yoast-schema-graph\">{\"@context\":\"https:\/\/schema.org\",\"@graph\":[{\"@type\":\"WebPage\",\"@id\":\"https:\/\/www.sirgomma.it\/en\/privacy-policy\/\",\"url\":\"https:\/\/www.sirgomma.it\/en\/privacy-policy\/\",\"name\":\"Privacy Policy | SIR SRL | Industria Rivestimenti\",\"isPartOf\":{\"@id\":\"https:\/\/www.sirgomma.it\/en\/#website\"},\"datePublished\":\"2023-05-26T13:06:22+00:00\",\"dateModified\":\"2023-05-26T14:10:40+00:00\",\"breadcrumb\":{\"@id\":\"https:\/\/www.sirgomma.it\/en\/privacy-policy\/#breadcrumb\"},\"inLanguage\":\"en-US\",\"potentialAction\":[{\"@type\":\"ReadAction\",\"target\":[\"https:\/\/www.sirgomma.it\/en\/privacy-policy\/\"]}]},{\"@type\":\"BreadcrumbList\",\"@id\":\"https:\/\/www.sirgomma.it\/en\/privacy-policy\/#breadcrumb\",\"itemListElement\":[{\"@type\":\"ListItem\",\"position\":1,\"name\":\"Home\",\"item\":\"https:\/\/www.sirgomma.it\/en\/\"},{\"@type\":\"ListItem\",\"position\":2,\"name\":\"Privacy Policy\"}]},{\"@type\":\"WebSite\",\"@id\":\"https:\/\/www.sirgomma.it\/en\/#website\",\"url\":\"https:\/\/www.sirgomma.it\/en\/\",\"name\":\"SIR SRL | Industria Rivestimenti\",\"description\":\"Rivestimenti Rulli e Manicotti in Gomma e in Poliuretano\",\"publisher\":{\"@id\":\"https:\/\/www.sirgomma.it\/en\/#organization\"},\"alternateName\":\"SIRGOMMA\",\"potentialAction\":[{\"@type\":\"SearchAction\",\"target\":{\"@type\":\"EntryPoint\",\"urlTemplate\":\"https:\/\/www.sirgomma.it\/en\/?s={search_term_string}\"},\"query-input\":\"required name=search_term_string\"}],\"inLanguage\":\"en-US\"},{\"@type\":\"Organization\",\"@id\":\"https:\/\/www.sirgomma.it\/en\/#organization\",\"name\":\"SIR SRL | Industria Rivestimenti\",\"alternateName\":\"SIR SRL\",\"url\":\"https:\/\/www.sirgomma.it\/en\/\",\"logo\":{\"@type\":\"ImageObject\",\"inLanguage\":\"en-US\",\"@id\":\"https:\/\/www.sirgomma.it\/en\/#\/schema\/logo\/image\/\",\"url\":\"https:\/\/www.sirgomma.it\/wp-content\/uploads\/2022\/10\/SIR-logo_pos-header.png\",\"contentUrl\":\"https:\/\/www.sirgomma.it\/wp-content\/uploads\/2022\/10\/SIR-logo_pos-header.png\",\"width\":400,\"height\":246,\"caption\":\"SIR SRL | Industria Rivestimenti\"},\"image\":{\"@id\":\"https:\/\/www.sirgomma.it\/en\/#\/schema\/logo\/image\/\"}}]}<\/script>\n<!-- \/ Yoast SEO plugin. -->","yoast_head_json":{"title":"Privacy Policy | SIR SRL | Industria Rivestimenti","robots":{"index":"index","follow":"follow","max-snippet":"max-snippet:-1","max-image-preview":"max-image-preview:large","max-video-preview":"max-video-preview:-1"},"canonical":"https:\/\/www.sirgomma.it\/en\/privacy-policy\/","og_locale":"en_US","og_type":"article","og_title":"Privacy Policy | SIR SRL | Industria Rivestimenti","og_url":"https:\/\/www.sirgomma.it\/en\/privacy-policy\/","og_site_name":"SIR SRL | Industria Rivestimenti","article_modified_time":"2023-05-26T14:10:40+00:00","og_image":[{"width":1198,"height":599,"url":"https:\/\/www.sirgomma.it\/wp-content\/uploads\/2023\/05\/sir_privacy_policy.jpg","type":"image\/jpeg"}],"twitter_card":"summary_large_image","twitter_misc":{"Est. reading time":"8 minutes"},"schema":{"@context":"https:\/\/schema.org","@graph":[{"@type":"WebPage","@id":"https:\/\/www.sirgomma.it\/en\/privacy-policy\/","url":"https:\/\/www.sirgomma.it\/en\/privacy-policy\/","name":"Privacy Policy | SIR SRL | Industria Rivestimenti","isPartOf":{"@id":"https:\/\/www.sirgomma.it\/en\/#website"},"datePublished":"2023-05-26T13:06:22+00:00","dateModified":"2023-05-26T14:10:40+00:00","breadcrumb":{"@id":"https:\/\/www.sirgomma.it\/en\/privacy-policy\/#breadcrumb"},"inLanguage":"en-US","potentialAction":[{"@type":"ReadAction","target":["https:\/\/www.sirgomma.it\/en\/privacy-policy\/"]}]},{"@type":"BreadcrumbList","@id":"https:\/\/www.sirgomma.it\/en\/privacy-policy\/#breadcrumb","itemListElement":[{"@type":"ListItem","position":1,"name":"Home","item":"https:\/\/www.sirgomma.it\/en\/"},{"@type":"ListItem","position":2,"name":"Privacy Policy"}]},{"@type":"WebSite","@id":"https:\/\/www.sirgomma.it\/en\/#website","url":"https:\/\/www.sirgomma.it\/en\/","name":"SIR SRL | Industria Rivestimenti","description":"Rivestimenti Rulli e Manicotti in Gomma e in Poliuretano","publisher":{"@id":"https:\/\/www.sirgomma.it\/en\/#organization"},"alternateName":"SIRGOMMA","potentialAction":[{"@type":"SearchAction","target":{"@type":"EntryPoint","urlTemplate":"https:\/\/www.sirgomma.it\/en\/?s={search_term_string}"},"query-input":"required name=search_term_string"}],"inLanguage":"en-US"},{"@type":"Organization","@id":"https:\/\/www.sirgomma.it\/en\/#organization","name":"SIR SRL | Industria Rivestimenti","alternateName":"SIR SRL","url":"https:\/\/www.sirgomma.it\/en\/","logo":{"@type":"ImageObject","inLanguage":"en-US","@id":"https:\/\/www.sirgomma.it\/en\/#\/schema\/logo\/image\/","url":"https:\/\/www.sirgomma.it\/wp-content\/uploads\/2022\/10\/SIR-logo_pos-header.png","contentUrl":"https:\/\/www.sirgomma.it\/wp-content\/uploads\/2022\/10\/SIR-logo_pos-header.png","width":400,"height":246,"caption":"SIR SRL | Industria Rivestimenti"},"image":{"@id":"https:\/\/www.sirgomma.it\/en\/#\/schema\/logo\/image\/"}}]}},"_links":{"self":[{"href":"https:\/\/www.sirgomma.it\/en\/wp-json\/wp\/v2\/pages\/2875"}],"collection":[{"href":"https:\/\/www.sirgomma.it\/en\/wp-json\/wp\/v2\/pages"}],"about":[{"href":"https:\/\/www.sirgomma.it\/en\/wp-json\/wp\/v2\/types\/page"}],"author":[{"embeddable":true,"href":"https:\/\/www.sirgomma.it\/en\/wp-json\/wp\/v2\/users\/3"}],"replies":[{"embeddable":true,"href":"https:\/\/www.sirgomma.it\/en\/wp-json\/wp\/v2\/comments?post=2875"}],"version-history":[{"count":5,"href":"https:\/\/www.sirgomma.it\/en\/wp-json\/wp\/v2\/pages\/2875\/revisions"}],"predecessor-version":[{"id":2901,"href":"https:\/\/www.sirgomma.it\/en\/wp-json\/wp\/v2\/pages\/2875\/revisions\/2901"}],"wp:featuredmedia":[{"embeddable":true,"href":"https:\/\/www.sirgomma.it\/en\/wp-json\/wp\/v2\/media\/2879"}],"wp:attachment":[{"href":"https:\/\/www.sirgomma.it\/en\/wp-json\/wp\/v2\/media?parent=2875"}],"curies":[{"name":"wp","href":"https:\/\/api.w.org\/{rel}","templated":true}]}}